{"id":31112,"date":"2025-09-09T14:59:37","date_gmt":"2025-09-09T12:59:37","guid":{"rendered":"https:\/\/www.salondesmaires.com\/?page_id=31112"},"modified":"2025-09-22T10:30:02","modified_gmt":"2025-09-22T08:30:02","slug":"booth-contractors-decorators","status":"publish","type":"page","link":"https:\/\/www.salondesmaires.com\/en\/exhibit\/booth-contractors-decorators\/","title":{"rendered":"Information for booth contractors and decorators"},"content":{"rendered":"<p>[et_pb_section fb_built=&#8221;1&#8243; admin_label=&#8221;Section&#8221; _builder_version=&#8221;4.20.2&#8243; _module_preset=&#8221;default&#8221; background_enable_color=&#8221;off&#8221; custom_margin=&#8221;50px||0px||false|false&#8221; custom_padding=&#8221;0px||50px||false|false&#8221; global_colors_info=&#8221;{}&#8221;][et_pb_row _builder_version=&#8221;4.20.2&#8243; _module_preset=&#8221;default&#8221; width=&#8221;90%&#8221; max_width=&#8221;1400px&#8221; custom_margin=&#8221;0px||0px||false|false&#8221; custom_padding=&#8221;0px||0px||false|false&#8221; global_colors_info=&#8221;{}&#8221;][et_pb_column type=&#8221;4_4&#8243; _builder_version=&#8221;4.20.2&#8243; _module_preset=&#8221;default&#8221; global_colors_info=&#8221;{}&#8221;][dsm_breadcrumbs home_text=&#8221;Accueil&#8221; separator_icon=&#8221;&#x39;||divi||400&#8243; separator_bg_color=&#8221;RGBA(255,255,255,0)&#8221; current_bg_color=&#8221;RGBA(255,255,255,0)&#8221; _builder_version=&#8221;4.20.2&#8243; _module_preset=&#8221;default&#8221; items_text_color=&#8221;#323232&#8243; items_font_size=&#8221;15px&#8221; home_icon_text_color=&#8221;#323232&#8243; separators_text_color=&#8221;#323232&#8243; current_text_color=&#8221;#323232&#8243; current_font_size=&#8221;15px&#8221; global_colors_info=&#8221;{}&#8221;][\/dsm_breadcrumbs][\/et_pb_column][\/et_pb_row][et_pb_row _builder_version=&#8221;4.20.2&#8243; _module_preset=&#8221;default&#8221; width=&#8221;90%&#8221; max_width=&#8221;1400px&#8221; custom_margin=&#8221;0px||0px||false|false&#8221; custom_padding=&#8221;30px||80px||false|false&#8221; global_colors_info=&#8221;{}&#8221;][et_pb_column type=&#8221;4_4&#8243; _builder_version=&#8221;4.20.2&#8243; _module_preset=&#8221;default&#8221; global_colors_info=&#8221;{}&#8221;][et_pb_text _builder_version=&#8221;4.20.2&#8243; _module_preset=&#8221;default&#8221; text_font=&#8221;Rubik|300|||||||&#8221; text_text_color=&#8221;#323232&#8243; header_font_size=&#8221;40px&#8221; header_2_font=&#8221;Rubik|300|||||||&#8221; header_2_font_size=&#8221;40px&#8221; custom_margin=&#8221;0px||50px||false|false&#8221; custom_padding=&#8221;0px||0px||false|false&#8221; hover_enabled=&#8221;0&#8243; header_font_size_tablet=&#8221;50px&#8221; header_font_size_phone=&#8221;40px&#8221; header_font_size_last_edited=&#8221;on|phone&#8221; header_2_font_size_tablet=&#8221;35px&#8221; header_2_font_size_phone=&#8221;30px&#8221; header_2_font_size_last_edited=&#8221;on|phone&#8221; global_colors_info=&#8221;{}&#8221; sticky_enabled=&#8221;0&#8243;]<\/p>\n<h2><strong>Stand Builder \/ Decorator <\/strong>Information<\/h2>\n<p>[\/et_pb_text][et_pb_text _builder_version=&#8221;4.20.2&#8243; _module_preset=&#8221;default&#8221; text_font=&#8221;Rubik|300|||||||&#8221; text_text_color=&#8221;#323232&#8243; text_font_size=&#8221;18px&#8221; header_2_font_size=&#8221;25px&#8221; header_3_font=&#8221;Rubik||||||||&#8221; header_3_font_size=&#8221;25px&#8221; custom_margin=&#8221;0px||20px||false|false&#8221; custom_padding=&#8221;0px||0px||false|false&#8221; hover_enabled=&#8221;0&#8243; global_colors_info=&#8221;{}&#8221; sticky_enabled=&#8221;0&#8243;]<\/p>\n<h3 style=\"text-align: left;\"><strong>Plans and Documents :<\/strong><\/h3>\n<p>[\/et_pb_text][et_pb_text _builder_version=&#8221;4.20.2&#8243; _module_preset=&#8221;default&#8221; text_font=&#8221;Rubik|300|||||||&#8221; text_text_color=&#8221;#323232&#8243; text_font_size=&#8221;20px&#8221; custom_margin=&#8221;0px||60px||false|false&#8221; custom_padding=&#8221;0px||0px||false|false&#8221; hover_enabled=&#8221;0&#8243; global_colors_info=&#8221;{}&#8221; sticky_enabled=&#8221;0&#8243;]<\/p>\n<p><a href=\"https:\/\/www.salondesmaires.com\/app\/uploads\/2025\/08\/SMCL2025_PAVILLON-6_au-2025-07-23.pdf\" rel=\"attachment wp-att-29143\">PLANS_PAVILLON 6<\/a><\/p>\n<p><a href=\"https:\/\/www.salondesmaires.com\/app\/uploads\/2025\/08\/SMCL2025_PAVILLON-4_au-2025-07-23.pdf\">PLANS_PAVILLON 4<\/a><\/p>\n<p><a href=\"https:\/\/www.salondesmaires.com\/app\/uploads\/2025\/08\/SMCL2025_PAVILLON-3_au-2025-07-23.pdf\" rel=\"attachment wp-att-29146\">PLANS_PAVILLON 3<\/a><a href=\"https:\/\/www.salondesmaires.com\/app\/uploads\/2025\/07\/PLANS_PAVILLON-6.pdf\" rel=\"attachment wp-att-29143\"><\/a><\/p>\n<p><a href=\"https:\/\/www.salondesmaires.com\/app\/uploads\/2025\/08\/SMCL2025_PAVILLON-2_au-2025-07-23.pdf\" rel=\"attachment wp-att-29148\">PLANS_PAVILLON 2<\/a><\/p>\n<p><span style=\"color: #333399;\"><a href=\"https:\/\/smcl25.site.calypso-event.net\/Data\/ElFinder\/s109\/PDF\/PDF-SMCL\/PDF-2025\/SMCL-2025-Reglement-d-architecture-et-de-decoration-v2-au-2025-07-09.pdf?_t=1752076059\" target=\"_blank\" rel=\"noopener noreferrer\" style=\"color: #333399;\" title=\"Architecture and Decoration Regulations\">SMCL 2025 \u2013 Architecture and Decoration Regulations<\/a><\/span><\/p>\n<p><span style=\"color: #333399;\"><a href=\"https:\/\/smcl25.site.calypso-event.net\/Data\/ElFinder\/s109\/PDF\/PDF-SMCL\/PDF-2025\/SMCL-2025-Informations-Montage-Demontage.pdf?_t=1741596128\" target=\"_blank\" rel=\"noopener noreferrer\" style=\"color: #333399;\" title=\"Setup\/Dismantling Information\">SMCL 2025 \u2013 <span style=\"text-decoration: underline;\">Informations Montage\/D\u00e9montage <\/span><\/a><\/span><\/p>\n<p><a href=\"smcl25.site.calypso-event.net\/Data\/ElFinder\/s109\/PDF\/PDF-SMCL\/PDF-2025\/SMCL-2025-Notice-de-securite.pdf?_t=1741597869\" target=\"_blank\" rel=\"noopener noreferrer\" title=\"Safety Guidelines\"><span style=\"color: #333399;\">SMCL 2025 \u2013 <span style=\"text-decoration: underline;\">Notice de s\u00e9curit\u00e9<\/span><\/span><\/a><\/p>\n<p>[\/et_pb_text][et_pb_text _builder_version=&#8221;4.20.2&#8243; _module_preset=&#8221;default&#8221; text_font=&#8221;Rubik||||||||&#8221; header_3_text_color=&#8221;#323232&#8243; header_3_font_size=&#8221;25px&#8221; custom_margin=&#8221;0px||0px||false|false&#8221; custom_padding=&#8221;0px||20px||false|false&#8221; global_colors_info=&#8221;{}&#8221;]<\/p>\n<h3><strong>Contact :<\/strong><\/h3>\n<p>[\/et_pb_text][et_pb_text _builder_version=&#8221;4.20.2&#8243; _module_preset=&#8221;default&#8221; text_font=&#8221;Rubik|300|||||||&#8221; text_text_color=&#8221;#323232&#8243; text_font_size=&#8221;20px&#8221; custom_margin=&#8221;0px||60px||false|false&#8221; custom_padding=&#8221;0px||0px||false|false&#8221; hover_enabled=&#8221;0&#8243; global_colors_info=&#8221;{}&#8221; sticky_enabled=&#8221;0&#8243;]<\/p>\n<p>Phone: +33 (0)1 79 06 76 66<\/p>\n<p>Email: salondesmaires@infopro-digital.com<\/p>\n<p>[\/et_pb_text][et_pb_text _builder_version=&#8221;4.20.2&#8243; _module_preset=&#8221;default&#8221; text_font=&#8221;Rubik||||||||&#8221; text_font_size=&#8221;19px&#8221; header_3_font_size=&#8221;25px&#8221; custom_margin=&#8221;0px||0px||false|false&#8221; custom_padding=&#8221;0px||20px||false|false&#8221; hover_enabled=&#8221;0&#8243; global_colors_info=&#8221;{}&#8221; sticky_enabled=&#8221;0&#8243;]<\/p>\n<h3><strong>Technical Services : <\/strong><\/h3>\n<p>[\/et_pb_text][et_pb_text _builder_version=&#8221;4.20.2&#8243; _module_preset=&#8221;default&#8221; text_font=&#8221;Rubik|300|||||||&#8221; text_text_color=&#8221;#323232&#8243; text_font_size=&#8221;20px&#8221; hover_enabled=&#8221;0&#8243; global_colors_info=&#8221;{}&#8221; sticky_enabled=&#8221;0&#8243;]<\/p>\n<p><span>The following technical services \u2014 electricity, rigging, Internet, telephony, water, and parking \u2014 must be ordered directly from Viparis at the Exhibition Center.<\/span><\/p>\n<p><span><strong>VIPARIS Online Store<\/strong> (for ordering boxes, rigging, etc.)<\/span><\/p>\n<p><span><strong>Exhibitor Services Contact:<\/strong> Website: <button type=\"button\" data-url=\"https:\/\/www.viparisstore.com\">www.viparisstore.com<\/button> Email: infos-exposants@viparis.com Phone: +33 (0)1 40 68 16 16<\/span><\/p>\n<p>[\/et_pb_text][\/et_pb_column][\/et_pb_row][\/et_pb_section]<\/p>\n","protected":false},"excerpt":{"rendered":"<p>Vous \u00eates standiste ou d\u00e9corateur ? retrouvez toutes les informations n\u00e9cessaires du Salon des Maires (SMCL)<\/p>\n","protected":false},"author":10,"featured_media":0,"parent":29482,"menu_order":0,"comment_status":"closed","ping_status":"closed","template":"","meta":{"_acf_changed":false,"_et_pb_use_builder":"on","_et_pb_old_content":"","_et_gb_content_width":"","inline_featured_image":false,"footnotes":""},"class_list":["post-31112","page","type-page","status-publish","hentry"],"acf":[],"yoast_head":"<!-- This site is optimized with the Yoast SEO plugin v26.3 - https:\/\/yoast.com\/wordpress\/plugins\/seo\/ -->\n<title>Information for booth contractors and decorators - Salon des maires<\/title>\n<meta name=\"description\" content=\"Vous \u00eates standiste ou d\u00e9corateur ? retrouvez toutes les informations n\u00e9cessaires du Salon des Maires (SMCL)\" \/>\n<meta name=\"robots\" content=\"index, follow, max-snippet:-1, max-image-preview:large, max-video-preview:-1\" \/>\n<link rel=\"canonical\" href=\"https:\/\/www.salondesmaires.com\/en\/exhibit\/booth-contractors-decorators\/\" \/>\n<meta property=\"og:locale\" content=\"en_US\" \/>\n<meta property=\"og:type\" content=\"article\" \/>\n<meta property=\"og:title\" content=\"Information for booth contractors and decorators - Salon des maires\" \/>\n<meta property=\"og:description\" content=\"Vous \u00eates standiste ou d\u00e9corateur ? retrouvez toutes les informations n\u00e9cessaires du Salon des Maires (SMCL)\" \/>\n<meta property=\"og:url\" content=\"https:\/\/www.salondesmaires.com\/en\/exhibit\/booth-contractors-decorators\/\" \/>\n<meta property=\"og:site_name\" content=\"Salon des maires\" \/>\n<meta property=\"article:modified_time\" content=\"2025-09-22T08:30:02+00:00\" \/>\n<meta property=\"og:image\" content=\"https:\/\/www.salondesmaires.com\/app\/uploads\/2025\/09\/SMCL25.jpg\" \/>\n\t<meta property=\"og:image:width\" content=\"1200\" \/>\n\t<meta property=\"og:image:height\" content=\"675\" \/>\n\t<meta property=\"og:image:type\" content=\"image\/jpeg\" \/>\n<meta name=\"twitter:card\" content=\"summary_large_image\" \/>\n<meta name=\"twitter:label1\" content=\"Est. reading time\" \/>\n\t<meta name=\"twitter:data1\" content=\"1 minute\" \/>\n<script type=\"application\/ld+json\" class=\"yoast-schema-graph\">{\"@context\":\"https:\/\/schema.org\",\"@graph\":[{\"@type\":\"WebPage\",\"@id\":\"https:\/\/www.salondesmaires.com\/en\/exhibit\/booth-contractors-decorators\/\",\"url\":\"https:\/\/www.salondesmaires.com\/en\/exhibit\/booth-contractors-decorators\/\",\"name\":\"Information for booth contractors and decorators - Salon des maires\",\"isPartOf\":{\"@id\":\"https:\/\/www.salondesmaires.com\/#website\"},\"datePublished\":\"2025-09-09T12:59:37+00:00\",\"dateModified\":\"2025-09-22T08:30:02+00:00\",\"description\":\"Vous \u00eates standiste ou d\u00e9corateur ? retrouvez toutes les informations n\u00e9cessaires du Salon des Maires (SMCL)\",\"breadcrumb\":{\"@id\":\"https:\/\/www.salondesmaires.com\/en\/exhibit\/booth-contractors-decorators\/#breadcrumb\"},\"inLanguage\":\"en-US\",\"potentialAction\":[{\"@type\":\"ReadAction\",\"target\":[\"https:\/\/www.salondesmaires.com\/en\/exhibit\/booth-contractors-decorators\/\"]}]},{\"@type\":\"BreadcrumbList\",\"@id\":\"https:\/\/www.salondesmaires.com\/en\/exhibit\/booth-contractors-decorators\/#breadcrumb\",\"itemListElement\":[{\"@type\":\"ListItem\",\"position\":1,\"name\":\"Home\",\"item\":\"https:\/\/www.salondesmaires.com\/\"},{\"@type\":\"ListItem\",\"position\":2,\"name\":\"Why and How to Exhibit ?\",\"item\":\"https:\/\/www.salondesmaires.com\/en\/exhibit\/\"},{\"@type\":\"ListItem\",\"position\":3,\"name\":\"Information for booth contractors and decorators\"}]},{\"@type\":\"WebSite\",\"@id\":\"https:\/\/www.salondesmaires.com\/#website\",\"url\":\"https:\/\/www.salondesmaires.com\/\",\"name\":\"Salon des Maires et des Collectivit\u00e9s locales\",\"description\":\"Le Meilleur en Commun\",\"publisher\":{\"@id\":\"https:\/\/www.salondesmaires.com\/#organization\"},\"alternateName\":\"Salon des Maires\",\"potentialAction\":[{\"@type\":\"SearchAction\",\"target\":{\"@type\":\"EntryPoint\",\"urlTemplate\":\"https:\/\/www.salondesmaires.com\/?s={search_term_string}\"},\"query-input\":{\"@type\":\"PropertyValueSpecification\",\"valueRequired\":true,\"valueName\":\"search_term_string\"}}],\"inLanguage\":\"en-US\"},{\"@type\":\"Organization\",\"@id\":\"https:\/\/www.salondesmaires.com\/#organization\",\"name\":\"Salon des maires et des Collectivit\u00e9s locales\",\"url\":\"https:\/\/www.salondesmaires.com\/\",\"logo\":{\"@type\":\"ImageObject\",\"inLanguage\":\"en-US\",\"@id\":\"https:\/\/www.salondesmaires.com\/#\/schema\/logo\/image\/\",\"url\":\"https:\/\/www.salondesmaires.com\/app\/uploads\/2024\/07\/SMCL.jpg\",\"contentUrl\":\"https:\/\/www.salondesmaires.com\/app\/uploads\/2024\/07\/SMCL.jpg\",\"width\":300,\"height\":103,\"caption\":\"Salon des maires et des Collectivit\u00e9s locales\"},\"image\":{\"@id\":\"https:\/\/www.salondesmaires.com\/#\/schema\/logo\/image\/\"}}]}<\/script>\n<!-- \/ Yoast SEO plugin. -->","yoast_head_json":{"title":"Information for booth contractors and decorators - Salon des maires","description":"Vous \u00eates standiste ou d\u00e9corateur ? retrouvez toutes les informations n\u00e9cessaires du Salon des Maires (SMCL)","robots":{"index":"index","follow":"follow","max-snippet":"max-snippet:-1","max-image-preview":"max-image-preview:large","max-video-preview":"max-video-preview:-1"},"canonical":"https:\/\/www.salondesmaires.com\/en\/exhibit\/booth-contractors-decorators\/","og_locale":"en_US","og_type":"article","og_title":"Information for booth contractors and decorators - Salon des maires","og_description":"Vous \u00eates standiste ou d\u00e9corateur ? retrouvez toutes les informations n\u00e9cessaires du Salon des Maires (SMCL)","og_url":"https:\/\/www.salondesmaires.com\/en\/exhibit\/booth-contractors-decorators\/","og_site_name":"Salon des maires","article_modified_time":"2025-09-22T08:30:02+00:00","og_image":[{"width":1200,"height":675,"url":"https:\/\/www.salondesmaires.com\/app\/uploads\/2025\/09\/SMCL25.jpg","type":"image\/jpeg"}],"twitter_card":"summary_large_image","twitter_misc":{"Est. reading time":"1 minute"},"schema":{"@context":"https:\/\/schema.org","@graph":[{"@type":"WebPage","@id":"https:\/\/www.salondesmaires.com\/en\/exhibit\/booth-contractors-decorators\/","url":"https:\/\/www.salondesmaires.com\/en\/exhibit\/booth-contractors-decorators\/","name":"Information for booth contractors and decorators - Salon des maires","isPartOf":{"@id":"https:\/\/www.salondesmaires.com\/#website"},"datePublished":"2025-09-09T12:59:37+00:00","dateModified":"2025-09-22T08:30:02+00:00","description":"Vous \u00eates standiste ou d\u00e9corateur ? retrouvez toutes les informations n\u00e9cessaires du Salon des Maires (SMCL)","breadcrumb":{"@id":"https:\/\/www.salondesmaires.com\/en\/exhibit\/booth-contractors-decorators\/#breadcrumb"},"inLanguage":"en-US","potentialAction":[{"@type":"ReadAction","target":["https:\/\/www.salondesmaires.com\/en\/exhibit\/booth-contractors-decorators\/"]}]},{"@type":"BreadcrumbList","@id":"https:\/\/www.salondesmaires.com\/en\/exhibit\/booth-contractors-decorators\/#breadcrumb","itemListElement":[{"@type":"ListItem","position":1,"name":"Home","item":"https:\/\/www.salondesmaires.com\/"},{"@type":"ListItem","position":2,"name":"Why and How to Exhibit ?","item":"https:\/\/www.salondesmaires.com\/en\/exhibit\/"},{"@type":"ListItem","position":3,"name":"Information for booth contractors and decorators"}]},{"@type":"WebSite","@id":"https:\/\/www.salondesmaires.com\/#website","url":"https:\/\/www.salondesmaires.com\/","name":"Salon des Maires et des Collectivit\u00e9s locales","description":"Le Meilleur en Commun","publisher":{"@id":"https:\/\/www.salondesmaires.com\/#organization"},"alternateName":"Salon des Maires","potentialAction":[{"@type":"SearchAction","target":{"@type":"EntryPoint","urlTemplate":"https:\/\/www.salondesmaires.com\/?s={search_term_string}"},"query-input":{"@type":"PropertyValueSpecification","valueRequired":true,"valueName":"search_term_string"}}],"inLanguage":"en-US"},{"@type":"Organization","@id":"https:\/\/www.salondesmaires.com\/#organization","name":"Salon des maires et des Collectivit\u00e9s locales","url":"https:\/\/www.salondesmaires.com\/","logo":{"@type":"ImageObject","inLanguage":"en-US","@id":"https:\/\/www.salondesmaires.com\/#\/schema\/logo\/image\/","url":"https:\/\/www.salondesmaires.com\/app\/uploads\/2024\/07\/SMCL.jpg","contentUrl":"https:\/\/www.salondesmaires.com\/app\/uploads\/2024\/07\/SMCL.jpg","width":300,"height":103,"caption":"Salon des maires et des Collectivit\u00e9s locales"},"image":{"@id":"https:\/\/www.salondesmaires.com\/#\/schema\/logo\/image\/"}}]}},"_links":{"self":[{"href":"https:\/\/www.salondesmaires.com\/en\/wp-json\/wp\/v2\/pages\/31112","targetHints":{"allow":["GET"]}}],"collection":[{"href":"https:\/\/www.salondesmaires.com\/en\/wp-json\/wp\/v2\/pages"}],"about":[{"href":"https:\/\/www.salondesmaires.com\/en\/wp-json\/wp\/v2\/types\/page"}],"author":[{"embeddable":true,"href":"https:\/\/www.salondesmaires.com\/en\/wp-json\/wp\/v2\/users\/10"}],"replies":[{"embeddable":true,"href":"https:\/\/www.salondesmaires.com\/en\/wp-json\/wp\/v2\/comments?post=31112"}],"version-history":[{"count":4,"href":"https:\/\/www.salondesmaires.com\/en\/wp-json\/wp\/v2\/pages\/31112\/revisions"}],"predecessor-version":[{"id":31523,"href":"https:\/\/www.salondesmaires.com\/en\/wp-json\/wp\/v2\/pages\/31112\/revisions\/31523"}],"up":[{"embeddable":true,"href":"https:\/\/www.salondesmaires.com\/en\/wp-json\/wp\/v2\/pages\/29482"}],"wp:attachment":[{"href":"https:\/\/www.salondesmaires.com\/en\/wp-json\/wp\/v2\/media?parent=31112"}],"curies":[{"name":"wp","href":"https:\/\/api.w.org\/{rel}","templated":true}]}}